{"id":1077,"date":"2020-08-29T17:54:17","date_gmt":"2020-08-29T15:54:17","guid":{"rendered":"https:\/\/patricia-lasserre.com\/?page_id=1077"},"modified":"2022-12-06T10:17:10","modified_gmt":"2022-12-06T09:17:10","slug":"livres-edites","status":"publish","type":"page","link":"https:\/\/patricia-lasserre.com\/index.php\/livres-edites\/","title":{"rendered":"Livres \u00e9dit\u00e9s"},"content":{"rendered":"\t\t<div data-elementor-type=\"wp-page\" data-elementor-id=\"1077\" class=\"elementor elementor-1077\">\n\t\t\t\t\t\t<section class=\"elementor-section elementor-top-section elementor-element elementor-element-b8df65b elementor-section-boxed elementor-section-height-default elementor-section-height-default\" data-id=\"b8df65b\" data-element_type=\"section\">\n\t\t\t\t\t\t<div class=\"elementor-container elementor-column-gap-default\">\n\t\t\t\t\t<div class=\"elementor-column elementor-col-100 elementor-top-column elementor-element elementor-element-13779f4\" data-id=\"13779f4\" data-element_type=\"column\">\n\t\t\t<div class=\"elementor-widget-wrap elementor-element-populated\">\n\t\t\t\t\t\t<div class=\"elementor-element elementor-element-7fa263a elementor-widget elementor-widget-text-editor\" data-id=\"7fa263a\" data-element_type=\"widget\" data-widget_type=\"text-editor.default\">\n\t\t\t\t<div class=\"elementor-widget-container\">\n\t\t\t\t\t\t\t\t\t<ul><li>Retrouvez les livres \u00e9dit\u00e9s par Les \u00c9ditions Sp\u00e9ciales, en commande\u00a0<a href=\"https:\/\/patricia-lasserre.com\/index.php\/boutique-patricia-lasserre\/\"><span style=\"text-decoration: underline;\">sur ce\u00a0site<\/span> <\/a>ils sont exp\u00e9di\u00e9s dans les 24 heures ! Vous pouvez aussi vous les procurer dans n&rsquo;importe quelle librairie ou grande surface.<\/li><\/ul><p>Livres \u00e9dit\u00e9s en 2022 :\u00a0<\/p><ul><li>un ouvrage de recherches sur les origines de l&rsquo;humanit\u00e9 (en cours de r\u00e9daction \u00e0 para\u00eetre en 2023)<\/li><li>un recueil de slams : <i><b>\u00c9motions, po\u00e9tiques et satiriques<\/b><\/i><\/li><li>un livre de philosophie de Jean-Jacques Wunenburger<\/li><\/ul>\t\t\t\t\t\t\t\t<\/div>\n\t\t\t\t<\/div>\n\t\t\t\t\t<\/div>\n\t\t<\/div>\n\t\t\t\t\t<\/div>\n\t\t<\/section>\n\t\t\t\t<section class=\"elementor-section elementor-top-section elementor-element elementor-element-7c309db elementor-section-boxed elementor-section-height-default elementor-section-height-default\" data-id=\"7c309db\" data-element_type=\"section\">\n\t\t\t\t\t\t<div class=\"elementor-container elementor-column-gap-default\">\n\t\t\t\t\t<div class=\"elementor-column elementor-col-100 elementor-top-column elementor-element elementor-element-7abbeaf\" data-id=\"7abbeaf\" data-element_type=\"column\">\n\t\t\t<div class=\"elementor-widget-wrap\">\n\t\t\t\t\t\t\t<\/div>\n\t\t<\/div>\n\t\t\t\t\t<\/div>\n\t\t<\/section>\n\t\t\t\t<\/div>\n\t\t","protected":false},"excerpt":{"rendered":"<p>Retrouvez les livres \u00e9dit\u00e9s par Les \u00c9ditions Sp\u00e9ciales, en commande\u00a0sur ce\u00a0site ils sont exp\u00e9di\u00e9s dans les 24 heures ! Vous pouvez aussi vous les procurer dans n&rsquo;importe quelle librairie ou grande surface. Livres \u00e9dit\u00e9s en 2022 :\u00a0 un ouvrage de recherches sur les origines de &hellip; <\/p>\n","protected":false},"author":1,"featured_media":1414,"parent":0,"menu_order":0,"comment_status":"closed","ping_status":"closed","template":"","meta":{"om_disable_all_campaigns":false,"_monsterinsights_skip_tracking":false,"_monsterinsights_sitenote_active":false,"_monsterinsights_sitenote_note":"","_monsterinsights_sitenote_category":0,"_uf_show_specific_survey":0,"_uf_disable_surveys":false,"footnotes":""},"yoast_head":"<!-- This site is optimized with the Yoast SEO plugin v22.6 - https:\/\/yoast.com\/wordpress\/plugins\/seo\/ -->\n<title>Livres \u00e9dit\u00e9s - PATRICIA LASSERRE | LES \u00c9DITIONS SP\u00c9CIALES<\/title>\n<meta name=\"description\" content=\"livres \u00e9dit\u00e9s par Les \u00c9ditions Sp\u00e9ciales de patricia lasserre, en commande sur ce site, paiement et exp\u00e9dition rapides et s\u00e9curis\u00e9s\" \/>\n<meta name=\"robots\" content=\"index, follow, max-snippet:-1, max-image-preview:large, max-video-preview:-1\" \/>\n<link rel=\"canonical\" href=\"https:\/\/patricia-lasserre.com\/index.php\/livres-edites\/\" \/>\n<meta property=\"og:locale\" content=\"fr_FR\" \/>\n<meta property=\"og:type\" content=\"article\" \/>\n<meta property=\"og:title\" content=\"Livres \u00e9dit\u00e9s - PATRICIA LASSERRE | LES \u00c9DITIONS SP\u00c9CIALES\" \/>\n<meta property=\"og:description\" content=\"livres \u00e9dit\u00e9s par Les \u00c9ditions Sp\u00e9ciales de patricia lasserre, en commande sur ce site, paiement et exp\u00e9dition rapides et s\u00e9curis\u00e9s\" \/>\n<meta property=\"og:url\" content=\"https:\/\/patricia-lasserre.com\/index.php\/livres-edites\/\" \/>\n<meta property=\"og:site_name\" content=\"PATRICIA LASSERRE | LES \u00c9DITIONS SP\u00c9CIALES\" \/>\n<meta property=\"article:modified_time\" content=\"2022-12-06T09:17:10+00:00\" \/>\n<meta property=\"og:image\" content=\"https:\/\/patricia-lasserre.com\/wp-content\/uploads\/2020\/10\/ebook3.jpg\" \/>\n\t<meta property=\"og:image:width\" content=\"1019\" \/>\n\t<meta property=\"og:image:height\" content=\"676\" \/>\n\t<meta property=\"og:image:type\" content=\"image\/jpeg\" \/>\n<meta name=\"twitter:label1\" content=\"Dur\u00e9e de lecture estim\u00e9e\" \/>\n\t<meta name=\"twitter:data1\" content=\"1 minute\" \/>\n<script type=\"application\/ld+json\" class=\"yoast-schema-graph\">{\"@context\":\"https:\/\/schema.org\",\"@graph\":[{\"@type\":\"WebPage\",\"@id\":\"https:\/\/patricia-lasserre.com\/index.php\/livres-edites\/\",\"url\":\"https:\/\/patricia-lasserre.com\/index.php\/livres-edites\/\",\"name\":\"Livres \u00e9dit\u00e9s - PATRICIA LASSERRE | LES \u00c9DITIONS SP\u00c9CIALES\",\"isPartOf\":{\"@id\":\"https:\/\/patricia-lasserre.com\/#website\"},\"primaryImageOfPage\":{\"@id\":\"https:\/\/patricia-lasserre.com\/index.php\/livres-edites\/#primaryimage\"},\"image\":{\"@id\":\"https:\/\/patricia-lasserre.com\/index.php\/livres-edites\/#primaryimage\"},\"thumbnailUrl\":\"https:\/\/patricia-lasserre.com\/wp-content\/uploads\/2020\/10\/ebook3.jpg\",\"datePublished\":\"2020-08-29T15:54:17+00:00\",\"dateModified\":\"2022-12-06T09:17:10+00:00\",\"description\":\"livres \u00e9dit\u00e9s par Les \u00c9ditions Sp\u00e9ciales de patricia lasserre, en commande sur ce site, paiement et exp\u00e9dition rapides et s\u00e9curis\u00e9s\",\"breadcrumb\":{\"@id\":\"https:\/\/patricia-lasserre.com\/index.php\/livres-edites\/#breadcrumb\"},\"inLanguage\":\"fr-FR\",\"potentialAction\":[{\"@type\":\"ReadAction\",\"target\":[\"https:\/\/patricia-lasserre.com\/index.php\/livres-edites\/\"]}]},{\"@type\":\"ImageObject\",\"inLanguage\":\"fr-FR\",\"@id\":\"https:\/\/patricia-lasserre.com\/index.php\/livres-edites\/#primaryimage\",\"url\":\"https:\/\/patricia-lasserre.com\/wp-content\/uploads\/2020\/10\/ebook3.jpg\",\"contentUrl\":\"https:\/\/patricia-lasserre.com\/wp-content\/uploads\/2020\/10\/ebook3.jpg\",\"width\":1019,\"height\":676,\"caption\":\"livres de patricia lasserre\"},{\"@type\":\"BreadcrumbList\",\"@id\":\"https:\/\/patricia-lasserre.com\/index.php\/livres-edites\/#breadcrumb\",\"itemListElement\":[{\"@type\":\"ListItem\",\"position\":1,\"name\":\"Accueil\",\"item\":\"https:\/\/patricia-lasserre.com\/\"},{\"@type\":\"ListItem\",\"position\":2,\"name\":\"Livres \u00e9dit\u00e9s\"}]},{\"@type\":\"WebSite\",\"@id\":\"https:\/\/patricia-lasserre.com\/#website\",\"url\":\"https:\/\/patricia-lasserre.com\/\",\"name\":\"PATRICIA LASSERRE | LES \u00c9DITIONS SP\u00c9CIALES\",\"description\":\"N&#039;ayons pas peur des mots !\",\"publisher\":{\"@id\":\"https:\/\/patricia-lasserre.com\/#organization\"},\"potentialAction\":[{\"@type\":\"SearchAction\",\"target\":{\"@type\":\"EntryPoint\",\"urlTemplate\":\"https:\/\/patricia-lasserre.com\/?s={search_term_string}\"},\"query-input\":\"required name=search_term_string\"}],\"inLanguage\":\"fr-FR\"},{\"@type\":\"Organization\",\"@id\":\"https:\/\/patricia-lasserre.com\/#organization\",\"name\":\"PATRICIA LASSERRE | LES \u00c9DITIONS SP\u00c9CIALES\",\"url\":\"https:\/\/patricia-lasserre.com\/\",\"logo\":{\"@type\":\"ImageObject\",\"inLanguage\":\"fr-FR\",\"@id\":\"https:\/\/patricia-lasserre.com\/#\/schema\/logo\/image\/\",\"url\":\"https:\/\/patricia-lasserre.com\/wp-content\/uploads\/2023\/02\/pat.fun-minuscule.jpg\",\"contentUrl\":\"https:\/\/patricia-lasserre.com\/wp-content\/uploads\/2023\/02\/pat.fun-minuscule.jpg\",\"width\":80,\"height\":77,\"caption\":\"PATRICIA LASSERRE | LES \u00c9DITIONS SP\u00c9CIALES \"},\"image\":{\"@id\":\"https:\/\/patricia-lasserre.com\/#\/schema\/logo\/image\/\"}}]}<\/script>\n<!-- \/ Yoast SEO plugin. -->","yoast_head_json":{"title":"Livres \u00e9dit\u00e9s - PATRICIA LASSERRE | LES \u00c9DITIONS SP\u00c9CIALES","description":"livres \u00e9dit\u00e9s par Les \u00c9ditions Sp\u00e9ciales de patricia lasserre, en commande sur ce site, paiement et exp\u00e9dition rapides et s\u00e9curis\u00e9s","robots":{"index":"index","follow":"follow","max-snippet":"max-snippet:-1","max-image-preview":"max-image-preview:large","max-video-preview":"max-video-preview:-1"},"canonical":"https:\/\/patricia-lasserre.com\/index.php\/livres-edites\/","og_locale":"fr_FR","og_type":"article","og_title":"Livres \u00e9dit\u00e9s - PATRICIA LASSERRE | LES \u00c9DITIONS SP\u00c9CIALES","og_description":"livres \u00e9dit\u00e9s par Les \u00c9ditions Sp\u00e9ciales de patricia lasserre, en commande sur ce site, paiement et exp\u00e9dition rapides et s\u00e9curis\u00e9s","og_url":"https:\/\/patricia-lasserre.com\/index.php\/livres-edites\/","og_site_name":"PATRICIA LASSERRE | LES \u00c9DITIONS SP\u00c9CIALES","article_modified_time":"2022-12-06T09:17:10+00:00","og_image":[{"width":1019,"height":676,"url":"https:\/\/patricia-lasserre.com\/wp-content\/uploads\/2020\/10\/ebook3.jpg","type":"image\/jpeg"}],"twitter_misc":{"Dur\u00e9e de lecture estim\u00e9e":"1 minute"},"schema":{"@context":"https:\/\/schema.org","@graph":[{"@type":"WebPage","@id":"https:\/\/patricia-lasserre.com\/index.php\/livres-edites\/","url":"https:\/\/patricia-lasserre.com\/index.php\/livres-edites\/","name":"Livres \u00e9dit\u00e9s - PATRICIA LASSERRE | LES \u00c9DITIONS SP\u00c9CIALES","isPartOf":{"@id":"https:\/\/patricia-lasserre.com\/#website"},"primaryImageOfPage":{"@id":"https:\/\/patricia-lasserre.com\/index.php\/livres-edites\/#primaryimage"},"image":{"@id":"https:\/\/patricia-lasserre.com\/index.php\/livres-edites\/#primaryimage"},"thumbnailUrl":"https:\/\/patricia-lasserre.com\/wp-content\/uploads\/2020\/10\/ebook3.jpg","datePublished":"2020-08-29T15:54:17+00:00","dateModified":"2022-12-06T09:17:10+00:00","description":"livres \u00e9dit\u00e9s par Les \u00c9ditions Sp\u00e9ciales de patricia lasserre, en commande sur ce site, paiement et exp\u00e9dition rapides et s\u00e9curis\u00e9s","breadcrumb":{"@id":"https:\/\/patricia-lasserre.com\/index.php\/livres-edites\/#breadcrumb"},"inLanguage":"fr-FR","potentialAction":[{"@type":"ReadAction","target":["https:\/\/patricia-lasserre.com\/index.php\/livres-edites\/"]}]},{"@type":"ImageObject","inLanguage":"fr-FR","@id":"https:\/\/patricia-lasserre.com\/index.php\/livres-edites\/#primaryimage","url":"https:\/\/patricia-lasserre.com\/wp-content\/uploads\/2020\/10\/ebook3.jpg","contentUrl":"https:\/\/patricia-lasserre.com\/wp-content\/uploads\/2020\/10\/ebook3.jpg","width":1019,"height":676,"caption":"livres de patricia lasserre"},{"@type":"BreadcrumbList","@id":"https:\/\/patricia-lasserre.com\/index.php\/livres-edites\/#breadcrumb","itemListElement":[{"@type":"ListItem","position":1,"name":"Accueil","item":"https:\/\/patricia-lasserre.com\/"},{"@type":"ListItem","position":2,"name":"Livres \u00e9dit\u00e9s"}]},{"@type":"WebSite","@id":"https:\/\/patricia-lasserre.com\/#website","url":"https:\/\/patricia-lasserre.com\/","name":"PATRICIA LASSERRE | LES \u00c9DITIONS SP\u00c9CIALES","description":"N&#039;ayons pas peur des mots !","publisher":{"@id":"https:\/\/patricia-lasserre.com\/#organization"},"potentialAction":[{"@type":"SearchAction","target":{"@type":"EntryPoint","urlTemplate":"https:\/\/patricia-lasserre.com\/?s={search_term_string}"},"query-input":"required name=search_term_string"}],"inLanguage":"fr-FR"},{"@type":"Organization","@id":"https:\/\/patricia-lasserre.com\/#organization","name":"PATRICIA LASSERRE | LES \u00c9DITIONS SP\u00c9CIALES","url":"https:\/\/patricia-lasserre.com\/","logo":{"@type":"ImageObject","inLanguage":"fr-FR","@id":"https:\/\/patricia-lasserre.com\/#\/schema\/logo\/image\/","url":"https:\/\/patricia-lasserre.com\/wp-content\/uploads\/2023\/02\/pat.fun-minuscule.jpg","contentUrl":"https:\/\/patricia-lasserre.com\/wp-content\/uploads\/2023\/02\/pat.fun-minuscule.jpg","width":80,"height":77,"caption":"PATRICIA LASSERRE | LES \u00c9DITIONS SP\u00c9CIALES "},"image":{"@id":"https:\/\/patricia-lasserre.com\/#\/schema\/logo\/image\/"}}]}},"_links":{"self":[{"href":"https:\/\/patricia-lasserre.com\/index.php\/wp-json\/wp\/v2\/pages\/1077"}],"collection":[{"href":"https:\/\/patricia-lasserre.com\/index.php\/wp-json\/wp\/v2\/pages"}],"about":[{"href":"https:\/\/patricia-lasserre.com\/index.php\/wp-json\/wp\/v2\/types\/page"}],"author":[{"embeddable":true,"href":"https:\/\/patricia-lasserre.com\/index.php\/wp-json\/wp\/v2\/users\/1"}],"replies":[{"embeddable":true,"href":"https:\/\/patricia-lasserre.com\/index.php\/wp-json\/wp\/v2\/comments?post=1077"}],"version-history":[{"count":53,"href":"https:\/\/patricia-lasserre.com\/index.php\/wp-json\/wp\/v2\/pages\/1077\/revisions"}],"predecessor-version":[{"id":4158,"href":"https:\/\/patricia-lasserre.com\/index.php\/wp-json\/wp\/v2\/pages\/1077\/revisions\/4158"}],"wp:featuredmedia":[{"embeddable":true,"href":"https:\/\/patricia-lasserre.com\/index.php\/wp-json\/wp\/v2\/media\/1414"}],"wp:attachment":[{"href":"https:\/\/patricia-lasserre.com\/index.php\/wp-json\/wp\/v2\/media?parent=1077"}],"curies":[{"name":"wp","href":"https:\/\/api.w.org\/{rel}","templated":true}]}}