{"id":192,"date":"2019-01-30T08:23:18","date_gmt":"2019-01-30T08:23:18","guid":{"rendered":"http:\/\/demo.rarathemes.com\/author-landing-page\/?page_id=7"},"modified":"2023-07-18T12:29:23","modified_gmt":"2023-07-18T10:29:23","slug":"accueil-livres-patricia-lasserre","status":"publish","type":"page","link":"https:\/\/patricia-lasserre.com\/","title":{"rendered":"Accueil"},"content":{"rendered":"\n<h3 class=\"wp-block-heading\">Livres de Patricia Lasserre docteure en philosophie. Le grand m\u00e9chant Dieu. Nicolas Berdiaev, Libert\u00e9 et cr\u00e9ativit\u00e9 les nouveaux d\u00e9fis de l&rsquo;homme moderne.<\/h3>\n\n\n\n<p>Livres de Patricia Lasserre, Docteure en philosophie et auteure de <em>Le grand m\u00e9chant Dieu, enqu\u00eate au coeur de la Bible<\/em> et de <em>Nicolas Berdiaev, Libert\u00e9 et Cr\u00e9ativit\u00e9 les nouveaux d\u00e9fis de l&rsquo;homme moderne<\/em>.<\/p>\n\n\n\n<p>Tout un chacun a pu se demander \u00e0 un moment ou \u00e0 une autre quelle est la part de mythe et de r\u00e9alit\u00e9 dans la <a href=\"https:\/\/fr.wikipedia.org\/wiki\/Bible\">Bible<\/a>. Est-ce que les personnages embl\u00e9matiques ont-ils tous exist\u00e9 ? <\/p>\n\n\n\n<p>C&rsquo;est tout l&rsquo;int\u00e9r\u00eat de l&rsquo;enqu\u00eate document\u00e9e. Elle r\u00e9v\u00e8le pour la premi\u00e8re fois l&rsquo;identit\u00e9 de Mo\u00efse, de son fr\u00e8re et de son p\u00e8re. Preuves arch\u00e9ologiques \u00e0 l&rsquo;appui. Elle met aussi en lumi\u00e8re les artifices employ\u00e9s par les r\u00e9dacteurs pour masquer certaines v\u00e9rit\u00e9s g\u00eanantes \u00e0 leurs yeux. Ou pour voiler des secrets. Le proc\u00e9d\u00e9 litt\u00e9raire utilis\u00e9 par les scribes de la <em>Thora<\/em> est identifi\u00e9 et authentifi\u00e9 c&rsquo;est un scoup !<\/p>\n\n\n\n<p>Au sujet de Yahweh un dieu sanguinaire adul\u00e9 en Arabie.  Est-il pour autant un dieu d&#8217;emprunt comme le pensent la plupart des \u00e9minents sp\u00e9cialistes ? Comment expliquer la bipolarit\u00e9 de ce Dieu tour \u00e0 tour impitoyable et compatissant avec toute l&rsquo;humanit\u00e9 ?<\/p>\n\n\n\n<p>Quant \u00e0 la grossesse de Marie jeune c\u00e9libataire est plausible. N\u00e9anmoins elle rev\u00eat une toute autre explication attest\u00e9e par des textes anciens d&rsquo;auteurs reconnus mais jamais exploit\u00e9s \u00e0 ce jour. L&rsquo;erreur de traduction de la Septante n&rsquo;explique pas tout. Quant au blasph\u00e8me du Christ il r\u00e9sulte d&rsquo;un malentendu qu&rsquo;il n&rsquo;avait pas le droit de lever.<\/p>\n\n\n\n<p><a href=\"https:\/\/patricia-lasserre.com\/index.php\/2019\/01\/30\/patricia-lasserre\/\">Patricia Lasserre<\/a> r\u00e9pond \u00e0 toutes ces questions. Elle prolonge  les recherches de Freud \u00e0 qui il manquait certaines donn\u00e9es arch\u00e9ologiques et d\u2019autres sp\u00e9cialistes comme Thomas R\u00f6mer gr\u00e2ce \u00e0 des investigations tr\u00e8s pouss\u00e9es.<\/p>\n","protected":false},"excerpt":{"rendered":"<p>Livres de Patricia Lasserre docteure en philosophie. Le grand m\u00e9chant Dieu. Nicolas Berdiaev, Libert\u00e9 et cr\u00e9ativit\u00e9 les nouveaux d\u00e9fis de l&rsquo;homme moderne. Livres de Patricia Lasserre, Docteure en philosophie et auteure de Le grand m\u00e9chant Dieu, enqu\u00eate au coeur de la Bible et de Nicolas &hellip; <\/p>\n","protected":false},"author":1,"featured_media":212,"parent":0,"menu_order":0,"comment_status":"closed","ping_status":"closed","template":"template-home.php","meta":{"om_disable_all_campaigns":false,"_monsterinsights_skip_tracking":false,"_monsterinsights_sitenote_active":false,"_monsterinsights_sitenote_note":"","_monsterinsights_sitenote_category":0,"_uf_show_specific_survey":0,"_uf_disable_surveys":false,"footnotes":""},"yoast_head":"<!-- This site is optimized with the Yoast SEO plugin v22.6 - https:\/\/yoast.com\/wordpress\/plugins\/seo\/ -->\n<title>Accueil - PATRICIA LASSERRE | LES \u00c9DITIONS SP\u00c9CIALES<\/title>\n<meta name=\"description\" content=\"livres de patricia lasserre docteure en philosophie, auteure, \u00e9ditrice, sciences humaines, histoire, philosophie\" \/>\n<meta name=\"robots\" content=\"index, follow, max-snippet:-1, max-image-preview:large, max-video-preview:-1\" \/>\n<link rel=\"canonical\" href=\"https:\/\/patricia-lasserre.com\/\" \/>\n<meta property=\"og:locale\" content=\"fr_FR\" \/>\n<meta property=\"og:type\" content=\"article\" \/>\n<meta property=\"og:title\" content=\"Accueil - PATRICIA LASSERRE | LES \u00c9DITIONS SP\u00c9CIALES\" \/>\n<meta property=\"og:description\" content=\"livres de patricia lasserre docteure en philosophie, auteure, \u00e9ditrice, sciences humaines, histoire, philosophie\" \/>\n<meta property=\"og:url\" content=\"https:\/\/patricia-lasserre.com\/\" \/>\n<meta property=\"og:site_name\" content=\"PATRICIA LASSERRE | LES \u00c9DITIONS SP\u00c9CIALES\" \/>\n<meta property=\"article:modified_time\" content=\"2023-07-18T10:29:23+00:00\" \/>\n<meta property=\"og:image\" content=\"https:\/\/patricia-lasserre.com\/wp-content\/uploads\/2019\/01\/\u00e9tag\u00e8re.jpg\" \/>\n\t<meta property=\"og:image:width\" content=\"1200\" \/>\n\t<meta property=\"og:image:height\" content=\"800\" \/>\n\t<meta property=\"og:image:type\" content=\"image\/jpeg\" \/>\n<meta name=\"twitter:label1\" content=\"Dur\u00e9e de lecture estim\u00e9e\" \/>\n\t<meta name=\"twitter:data1\" content=\"2 minutes\" \/>\n<script type=\"application\/ld+json\" class=\"yoast-schema-graph\">{\"@context\":\"https:\/\/schema.org\",\"@graph\":[{\"@type\":\"WebPage\",\"@id\":\"https:\/\/patricia-lasserre.com\/\",\"url\":\"https:\/\/patricia-lasserre.com\/\",\"name\":\"Accueil - PATRICIA LASSERRE | LES \u00c9DITIONS SP\u00c9CIALES\",\"isPartOf\":{\"@id\":\"https:\/\/patricia-lasserre.com\/#website\"},\"primaryImageOfPage\":{\"@id\":\"https:\/\/patricia-lasserre.com\/#primaryimage\"},\"image\":{\"@id\":\"https:\/\/patricia-lasserre.com\/#primaryimage\"},\"thumbnailUrl\":\"https:\/\/patricia-lasserre.com\/wp-content\/uploads\/2019\/01\/\u00e9tag\u00e8re.jpg\",\"datePublished\":\"2019-01-30T08:23:18+00:00\",\"dateModified\":\"2023-07-18T10:29:23+00:00\",\"description\":\"livres de patricia lasserre docteure en philosophie, auteure, \u00e9ditrice, sciences humaines, histoire, philosophie\",\"breadcrumb\":{\"@id\":\"https:\/\/patricia-lasserre.com\/#breadcrumb\"},\"inLanguage\":\"fr-FR\",\"potentialAction\":[{\"@type\":\"ReadAction\",\"target\":[\"https:\/\/patricia-lasserre.com\/\"]}]},{\"@type\":\"ImageObject\",\"inLanguage\":\"fr-FR\",\"@id\":\"https:\/\/patricia-lasserre.com\/#primaryimage\",\"url\":\"https:\/\/patricia-lasserre.com\/wp-content\/uploads\/2019\/01\/\u00e9tag\u00e8re.jpg\",\"contentUrl\":\"https:\/\/patricia-lasserre.com\/wp-content\/uploads\/2019\/01\/\u00e9tag\u00e8re.jpg\",\"width\":1200,\"height\":800,\"caption\":\"couverture du livre Le grand m\u00e9chant dieu de Patricia Lasserre auteure et docteure en philosophie\"},{\"@type\":\"BreadcrumbList\",\"@id\":\"https:\/\/patricia-lasserre.com\/#breadcrumb\",\"itemListElement\":[{\"@type\":\"ListItem\",\"position\":1,\"name\":\"Accueil\",\"item\":\"https:\/\/patricia-lasserre.com\/\"},{\"@type\":\"ListItem\",\"position\":2,\"name\":\"Accueil\"}]},{\"@type\":\"WebSite\",\"@id\":\"https:\/\/patricia-lasserre.com\/#website\",\"url\":\"https:\/\/patricia-lasserre.com\/\",\"name\":\"PATRICIA LASSERRE | LES \u00c9DITIONS SP\u00c9CIALES\",\"description\":\"N&#039;ayons pas peur des mots !\",\"publisher\":{\"@id\":\"https:\/\/patricia-lasserre.com\/#organization\"},\"potentialAction\":[{\"@type\":\"SearchAction\",\"target\":{\"@type\":\"EntryPoint\",\"urlTemplate\":\"https:\/\/patricia-lasserre.com\/?s={search_term_string}\"},\"query-input\":\"required name=search_term_string\"}],\"inLanguage\":\"fr-FR\"},{\"@type\":\"Organization\",\"@id\":\"https:\/\/patricia-lasserre.com\/#organization\",\"name\":\"PATRICIA LASSERRE | LES \u00c9DITIONS SP\u00c9CIALES\",\"url\":\"https:\/\/patricia-lasserre.com\/\",\"logo\":{\"@type\":\"ImageObject\",\"inLanguage\":\"fr-FR\",\"@id\":\"https:\/\/patricia-lasserre.com\/#\/schema\/logo\/image\/\",\"url\":\"https:\/\/patricia-lasserre.com\/wp-content\/uploads\/2023\/02\/pat.fun-minuscule.jpg\",\"contentUrl\":\"https:\/\/patricia-lasserre.com\/wp-content\/uploads\/2023\/02\/pat.fun-minuscule.jpg\",\"width\":80,\"height\":77,\"caption\":\"PATRICIA LASSERRE | LES \u00c9DITIONS SP\u00c9CIALES \"},\"image\":{\"@id\":\"https:\/\/patricia-lasserre.com\/#\/schema\/logo\/image\/\"}}]}<\/script>\n<!-- \/ Yoast SEO plugin. -->","yoast_head_json":{"title":"Accueil - PATRICIA LASSERRE | LES \u00c9DITIONS SP\u00c9CIALES","description":"livres de patricia lasserre docteure en philosophie, auteure, \u00e9ditrice, sciences humaines, histoire, philosophie","robots":{"index":"index","follow":"follow","max-snippet":"max-snippet:-1","max-image-preview":"max-image-preview:large","max-video-preview":"max-video-preview:-1"},"canonical":"https:\/\/patricia-lasserre.com\/","og_locale":"fr_FR","og_type":"article","og_title":"Accueil - PATRICIA LASSERRE | LES \u00c9DITIONS SP\u00c9CIALES","og_description":"livres de patricia lasserre docteure en philosophie, auteure, \u00e9ditrice, sciences humaines, histoire, philosophie","og_url":"https:\/\/patricia-lasserre.com\/","og_site_name":"PATRICIA LASSERRE | LES \u00c9DITIONS SP\u00c9CIALES","article_modified_time":"2023-07-18T10:29:23+00:00","og_image":[{"width":1200,"height":800,"url":"https:\/\/patricia-lasserre.com\/wp-content\/uploads\/2019\/01\/\u00e9tag\u00e8re.jpg","type":"image\/jpeg"}],"twitter_misc":{"Dur\u00e9e de lecture estim\u00e9e":"2 minutes"},"schema":{"@context":"https:\/\/schema.org","@graph":[{"@type":"WebPage","@id":"https:\/\/patricia-lasserre.com\/","url":"https:\/\/patricia-lasserre.com\/","name":"Accueil - PATRICIA LASSERRE | LES \u00c9DITIONS SP\u00c9CIALES","isPartOf":{"@id":"https:\/\/patricia-lasserre.com\/#website"},"primaryImageOfPage":{"@id":"https:\/\/patricia-lasserre.com\/#primaryimage"},"image":{"@id":"https:\/\/patricia-lasserre.com\/#primaryimage"},"thumbnailUrl":"https:\/\/patricia-lasserre.com\/wp-content\/uploads\/2019\/01\/\u00e9tag\u00e8re.jpg","datePublished":"2019-01-30T08:23:18+00:00","dateModified":"2023-07-18T10:29:23+00:00","description":"livres de patricia lasserre docteure en philosophie, auteure, \u00e9ditrice, sciences humaines, histoire, philosophie","breadcrumb":{"@id":"https:\/\/patricia-lasserre.com\/#breadcrumb"},"inLanguage":"fr-FR","potentialAction":[{"@type":"ReadAction","target":["https:\/\/patricia-lasserre.com\/"]}]},{"@type":"ImageObject","inLanguage":"fr-FR","@id":"https:\/\/patricia-lasserre.com\/#primaryimage","url":"https:\/\/patricia-lasserre.com\/wp-content\/uploads\/2019\/01\/\u00e9tag\u00e8re.jpg","contentUrl":"https:\/\/patricia-lasserre.com\/wp-content\/uploads\/2019\/01\/\u00e9tag\u00e8re.jpg","width":1200,"height":800,"caption":"couverture du livre Le grand m\u00e9chant dieu de Patricia Lasserre auteure et docteure en philosophie"},{"@type":"BreadcrumbList","@id":"https:\/\/patricia-lasserre.com\/#breadcrumb","itemListElement":[{"@type":"ListItem","position":1,"name":"Accueil","item":"https:\/\/patricia-lasserre.com\/"},{"@type":"ListItem","position":2,"name":"Accueil"}]},{"@type":"WebSite","@id":"https:\/\/patricia-lasserre.com\/#website","url":"https:\/\/patricia-lasserre.com\/","name":"PATRICIA LASSERRE | LES \u00c9DITIONS SP\u00c9CIALES","description":"N&#039;ayons pas peur des mots !","publisher":{"@id":"https:\/\/patricia-lasserre.com\/#organization"},"potentialAction":[{"@type":"SearchAction","target":{"@type":"EntryPoint","urlTemplate":"https:\/\/patricia-lasserre.com\/?s={search_term_string}"},"query-input":"required name=search_term_string"}],"inLanguage":"fr-FR"},{"@type":"Organization","@id":"https:\/\/patricia-lasserre.com\/#organization","name":"PATRICIA LASSERRE | LES \u00c9DITIONS SP\u00c9CIALES","url":"https:\/\/patricia-lasserre.com\/","logo":{"@type":"ImageObject","inLanguage":"fr-FR","@id":"https:\/\/patricia-lasserre.com\/#\/schema\/logo\/image\/","url":"https:\/\/patricia-lasserre.com\/wp-content\/uploads\/2023\/02\/pat.fun-minuscule.jpg","contentUrl":"https:\/\/patricia-lasserre.com\/wp-content\/uploads\/2023\/02\/pat.fun-minuscule.jpg","width":80,"height":77,"caption":"PATRICIA LASSERRE | LES \u00c9DITIONS SP\u00c9CIALES "},"image":{"@id":"https:\/\/patricia-lasserre.com\/#\/schema\/logo\/image\/"}}]}},"_links":{"self":[{"href":"https:\/\/patricia-lasserre.com\/index.php\/wp-json\/wp\/v2\/pages\/192"}],"collection":[{"href":"https:\/\/patricia-lasserre.com\/index.php\/wp-json\/wp\/v2\/pages"}],"about":[{"href":"https:\/\/patricia-lasserre.com\/index.php\/wp-json\/wp\/v2\/types\/page"}],"author":[{"embeddable":true,"href":"https:\/\/patricia-lasserre.com\/index.php\/wp-json\/wp\/v2\/users\/1"}],"replies":[{"embeddable":true,"href":"https:\/\/patricia-lasserre.com\/index.php\/wp-json\/wp\/v2\/comments?post=192"}],"version-history":[{"count":23,"href":"https:\/\/patricia-lasserre.com\/index.php\/wp-json\/wp\/v2\/pages\/192\/revisions"}],"predecessor-version":[{"id":595,"href":"https:\/\/patricia-lasserre.com\/index.php\/wp-json\/wp\/v2\/pages\/192\/revisions\/595"}],"wp:featuredmedia":[{"embeddable":true,"href":"https:\/\/patricia-lasserre.com\/index.php\/wp-json\/wp\/v2\/media\/212"}],"wp:attachment":[{"href":"https:\/\/patricia-lasserre.com\/index.php\/wp-json\/wp\/v2\/media?parent=192"}],"curies":[{"name":"wp","href":"https:\/\/api.w.org\/{rel}","templated":true}]}}