{"id":3177,"date":"2022-04-04T10:37:38","date_gmt":"2022-04-04T08:37:38","guid":{"rendered":"https:\/\/patricia-lasserre.com\/index.php\/membership-login\/"},"modified":"2022-04-05T15:01:08","modified_gmt":"2022-04-05T13:01:08","slug":"membership-login","status":"publish","type":"page","link":"https:\/\/patricia-lasserre.com\/index.php\/membership-login\/","title":{"rendered":"Identifiant du membre (login)"},"content":{"rendered":"\t\t<div data-elementor-type=\"wp-page\" data-elementor-id=\"3177\" class=\"elementor elementor-3177\">\n\t\t\t\t\t\t<section class=\"elementor-section elementor-top-section elementor-element elementor-element-26c371e4 elementor-section-boxed elementor-section-height-default elementor-section-height-default\" data-id=\"26c371e4\" data-element_type=\"section\">\n\t\t\t\t\t\t<div class=\"elementor-container elementor-column-gap-default\">\n\t\t\t\t\t<div class=\"elementor-column elementor-col-100 elementor-top-column elementor-element elementor-element-7bb83b27\" data-id=\"7bb83b27\" data-element_type=\"column\">\n\t\t\t<div class=\"elementor-widget-wrap elementor-element-populated\">\n\t\t\t\t\t\t<div class=\"elementor-element elementor-element-4e83de99 elementor-widget elementor-widget-shortcode\" data-id=\"4e83de99\" data-element_type=\"widget\" data-widget_type=\"shortcode.default\">\n\t\t\t\t<div class=\"elementor-widget-container\">\n\t\t\t\t\t\t\t<div class=\"elementor-shortcode\"><div class=\"swpm-login-widget-form\">\n    <form id=\"swpm-login-form\" name=\"swpm-login-form\" method=\"post\" action=\"\">\n        <input type=\"hidden\" name=\"swpm_login_origination_flag\" value=\"1\" \/>\n        <div class=\"swpm-login-form-inner\">\n            <div class=\"swpm-username-label\">\n                <label for=\"swpm_user_name\" class=\"swpm-label\">Username or Email<\/label>\n            <\/div>\n            <div class=\"swpm-username-input\">\n                <input type=\"text\" class=\"swpm-text-field swpm-username-field\" id=\"swpm_user_name\" value=\"\" size=\"25\" name=\"swpm_user_name\" \/>\n            <\/div>\n            <div class=\"swpm-password-label\">\n                <label for=\"swpm_password\" class=\"swpm-label\">Mot de passe<\/label>\n            <\/div>\n            <div class=\"swpm-password-input\">                \n                <input type=\"password\" class=\"swpm-text-field swpm-password-field\" id=\"swpm_password\" value=\"\" size=\"25\" name=\"swpm_password\" \/>                \n            <\/div>\n                        <div class=\"swpm-remember-me\">\n                <span class=\"swpm-remember-checkbox\"><input type=\"checkbox\" name=\"rememberme\" id=\"swpm-rememberme\"><\/span>\n                <label for=\"swpm-rememberme\" class=\"swpm-rememberme-label\">\n                    <span class=\"swpm-rember-label\"> Se souvenir de moi<\/span>\n                <\/label>\n            <\/div>\n\n            <div class=\"swpm-before-login-submit-section\"><\/div>\n\n            <div class=\"swpm-login-submit\">\n                <input type=\"submit\" class=\"swpm-login-form-submit\" name=\"swpm-login\" value=\"Log In\"\/>\n            <\/div>\n            <div class=\"swpm-forgot-pass-link\">\n                <a id=\"forgot_pass\" class=\"swpm-login-form-pw-reset-link\"  href=\"https:\/\/patricia-lasserre.com\/index.php\/membership-login\/password-reset-3\/\">Mot de passe oubli\u00e9<\/a>\n            <\/div>\n                        <div class=\"swpm-join-us-link\">\n                <a id=\"register\" class=\"swpm-login-form-register-link\" href=\"https:\/\/patricia-lasserre.com\/index.php\/membership-join\/\">Nous Rejoindre<\/a>\n            <\/div>\n                        <div class=\"swpm-login-action-msg\">\n                <span class=\"swpm-login-widget-action-msg\"><\/span>\n            <\/div>\n        <\/div>\n    <\/form>\n\n    <\/div>\n<\/div>\n\t\t\t\t\t\t<\/div>\n\t\t\t\t<\/div>\n\t\t\t\t\t<\/div>\n\t\t<\/div>\n\t\t\t\t\t<\/div>\n\t\t<\/section>\n\t\t\t\t<\/div>\n\t\t","protected":false},"excerpt":{"rendered":"","protected":false},"author":1,"featured_media":0,"parent":0,"menu_order":0,"comment_status":"closed","ping_status":"closed","template":"","meta":{"om_disable_all_campaigns":false,"_monsterinsights_skip_tracking":false,"_monsterinsights_sitenote_active":false,"_monsterinsights_sitenote_note":"","_monsterinsights_sitenote_category":0,"_uf_show_specific_survey":0,"_uf_disable_surveys":false,"footnotes":""},"yoast_head":"<!-- This site is optimized with the Yoast SEO plugin v22.6 - https:\/\/yoast.com\/wordpress\/plugins\/seo\/ -->\n<title>Identifiant du membre (login) - PATRICIA LASSERRE | LES \u00c9DITIONS SP\u00c9CIALES<\/title>\n<meta name=\"robots\" content=\"index, follow, max-snippet:-1, max-image-preview:large, max-video-preview:-1\" \/>\n<link rel=\"canonical\" href=\"https:\/\/patricia-lasserre.com\/index.php\/membership-login\/\" \/>\n<meta property=\"og:locale\" content=\"fr_FR\" \/>\n<meta property=\"og:type\" content=\"article\" \/>\n<meta property=\"og:title\" content=\"Identifiant du membre (login) - PATRICIA LASSERRE | LES \u00c9DITIONS SP\u00c9CIALES\" \/>\n<meta property=\"og:url\" content=\"https:\/\/patricia-lasserre.com\/index.php\/membership-login\/\" \/>\n<meta property=\"og:site_name\" content=\"PATRICIA LASSERRE | LES \u00c9DITIONS SP\u00c9CIALES\" \/>\n<meta property=\"article:modified_time\" content=\"2022-04-05T13:01:08+00:00\" \/>\n<meta name=\"twitter:label1\" content=\"Dur\u00e9e de lecture estim\u00e9e\" \/>\n\t<meta name=\"twitter:data1\" content=\"1 minute\" \/>\n<script type=\"application\/ld+json\" class=\"yoast-schema-graph\">{\"@context\":\"https:\/\/schema.org\",\"@graph\":[{\"@type\":\"WebPage\",\"@id\":\"https:\/\/patricia-lasserre.com\/index.php\/membership-login\/\",\"url\":\"https:\/\/patricia-lasserre.com\/index.php\/membership-login\/\",\"name\":\"Identifiant du membre (login) - PATRICIA LASSERRE | LES \u00c9DITIONS SP\u00c9CIALES\",\"isPartOf\":{\"@id\":\"https:\/\/patricia-lasserre.com\/#website\"},\"datePublished\":\"2022-04-04T08:37:38+00:00\",\"dateModified\":\"2022-04-05T13:01:08+00:00\",\"breadcrumb\":{\"@id\":\"https:\/\/patricia-lasserre.com\/index.php\/membership-login\/#breadcrumb\"},\"inLanguage\":\"fr-FR\",\"potentialAction\":[{\"@type\":\"ReadAction\",\"target\":[\"https:\/\/patricia-lasserre.com\/index.php\/membership-login\/\"]}]},{\"@type\":\"BreadcrumbList\",\"@id\":\"https:\/\/patricia-lasserre.com\/index.php\/membership-login\/#breadcrumb\",\"itemListElement\":[{\"@type\":\"ListItem\",\"position\":1,\"name\":\"Accueil\",\"item\":\"https:\/\/patricia-lasserre.com\/\"},{\"@type\":\"ListItem\",\"position\":2,\"name\":\"Identifiant du membre (login)\"}]},{\"@type\":\"WebSite\",\"@id\":\"https:\/\/patricia-lasserre.com\/#website\",\"url\":\"https:\/\/patricia-lasserre.com\/\",\"name\":\"PATRICIA LASSERRE | LES \u00c9DITIONS SP\u00c9CIALES\",\"description\":\"N&#039;ayons pas peur des mots !\",\"publisher\":{\"@id\":\"https:\/\/patricia-lasserre.com\/#organization\"},\"potentialAction\":[{\"@type\":\"SearchAction\",\"target\":{\"@type\":\"EntryPoint\",\"urlTemplate\":\"https:\/\/patricia-lasserre.com\/?s={search_term_string}\"},\"query-input\":\"required name=search_term_string\"}],\"inLanguage\":\"fr-FR\"},{\"@type\":\"Organization\",\"@id\":\"https:\/\/patricia-lasserre.com\/#organization\",\"name\":\"PATRICIA LASSERRE | LES \u00c9DITIONS SP\u00c9CIALES\",\"url\":\"https:\/\/patricia-lasserre.com\/\",\"logo\":{\"@type\":\"ImageObject\",\"inLanguage\":\"fr-FR\",\"@id\":\"https:\/\/patricia-lasserre.com\/#\/schema\/logo\/image\/\",\"url\":\"https:\/\/patricia-lasserre.com\/wp-content\/uploads\/2023\/02\/pat.fun-minuscule.jpg\",\"contentUrl\":\"https:\/\/patricia-lasserre.com\/wp-content\/uploads\/2023\/02\/pat.fun-minuscule.jpg\",\"width\":80,\"height\":77,\"caption\":\"PATRICIA LASSERRE | LES \u00c9DITIONS SP\u00c9CIALES \"},\"image\":{\"@id\":\"https:\/\/patricia-lasserre.com\/#\/schema\/logo\/image\/\"}}]}<\/script>\n<!-- \/ Yoast SEO plugin. -->","yoast_head_json":{"title":"Identifiant du membre (login) - PATRICIA LASSERRE | LES \u00c9DITIONS SP\u00c9CIALES","robots":{"index":"index","follow":"follow","max-snippet":"max-snippet:-1","max-image-preview":"max-image-preview:large","max-video-preview":"max-video-preview:-1"},"canonical":"https:\/\/patricia-lasserre.com\/index.php\/membership-login\/","og_locale":"fr_FR","og_type":"article","og_title":"Identifiant du membre (login) - PATRICIA LASSERRE | LES \u00c9DITIONS SP\u00c9CIALES","og_url":"https:\/\/patricia-lasserre.com\/index.php\/membership-login\/","og_site_name":"PATRICIA LASSERRE | LES \u00c9DITIONS SP\u00c9CIALES","article_modified_time":"2022-04-05T13:01:08+00:00","twitter_misc":{"Dur\u00e9e de lecture estim\u00e9e":"1 minute"},"schema":{"@context":"https:\/\/schema.org","@graph":[{"@type":"WebPage","@id":"https:\/\/patricia-lasserre.com\/index.php\/membership-login\/","url":"https:\/\/patricia-lasserre.com\/index.php\/membership-login\/","name":"Identifiant du membre (login) - PATRICIA LASSERRE | LES \u00c9DITIONS SP\u00c9CIALES","isPartOf":{"@id":"https:\/\/patricia-lasserre.com\/#website"},"datePublished":"2022-04-04T08:37:38+00:00","dateModified":"2022-04-05T13:01:08+00:00","breadcrumb":{"@id":"https:\/\/patricia-lasserre.com\/index.php\/membership-login\/#breadcrumb"},"inLanguage":"fr-FR","potentialAction":[{"@type":"ReadAction","target":["https:\/\/patricia-lasserre.com\/index.php\/membership-login\/"]}]},{"@type":"BreadcrumbList","@id":"https:\/\/patricia-lasserre.com\/index.php\/membership-login\/#breadcrumb","itemListElement":[{"@type":"ListItem","position":1,"name":"Accueil","item":"https:\/\/patricia-lasserre.com\/"},{"@type":"ListItem","position":2,"name":"Identifiant du membre (login)"}]},{"@type":"WebSite","@id":"https:\/\/patricia-lasserre.com\/#website","url":"https:\/\/patricia-lasserre.com\/","name":"PATRICIA LASSERRE | LES \u00c9DITIONS SP\u00c9CIALES","description":"N&#039;ayons pas peur des mots !","publisher":{"@id":"https:\/\/patricia-lasserre.com\/#organization"},"potentialAction":[{"@type":"SearchAction","target":{"@type":"EntryPoint","urlTemplate":"https:\/\/patricia-lasserre.com\/?s={search_term_string}"},"query-input":"required name=search_term_string"}],"inLanguage":"fr-FR"},{"@type":"Organization","@id":"https:\/\/patricia-lasserre.com\/#organization","name":"PATRICIA LASSERRE | LES \u00c9DITIONS SP\u00c9CIALES","url":"https:\/\/patricia-lasserre.com\/","logo":{"@type":"ImageObject","inLanguage":"fr-FR","@id":"https:\/\/patricia-lasserre.com\/#\/schema\/logo\/image\/","url":"https:\/\/patricia-lasserre.com\/wp-content\/uploads\/2023\/02\/pat.fun-minuscule.jpg","contentUrl":"https:\/\/patricia-lasserre.com\/wp-content\/uploads\/2023\/02\/pat.fun-minuscule.jpg","width":80,"height":77,"caption":"PATRICIA LASSERRE | LES \u00c9DITIONS SP\u00c9CIALES "},"image":{"@id":"https:\/\/patricia-lasserre.com\/#\/schema\/logo\/image\/"}}]}},"_links":{"self":[{"href":"https:\/\/patricia-lasserre.com\/index.php\/wp-json\/wp\/v2\/pages\/3177"}],"collection":[{"href":"https:\/\/patricia-lasserre.com\/index.php\/wp-json\/wp\/v2\/pages"}],"about":[{"href":"https:\/\/patricia-lasserre.com\/index.php\/wp-json\/wp\/v2\/types\/page"}],"author":[{"embeddable":true,"href":"https:\/\/patricia-lasserre.com\/index.php\/wp-json\/wp\/v2\/users\/1"}],"replies":[{"embeddable":true,"href":"https:\/\/patricia-lasserre.com\/index.php\/wp-json\/wp\/v2\/comments?post=3177"}],"version-history":[{"count":4,"href":"https:\/\/patricia-lasserre.com\/index.php\/wp-json\/wp\/v2\/pages\/3177\/revisions"}],"predecessor-version":[{"id":3375,"href":"https:\/\/patricia-lasserre.com\/index.php\/wp-json\/wp\/v2\/pages\/3177\/revisions\/3375"}],"wp:attachment":[{"href":"https:\/\/patricia-lasserre.com\/index.php\/wp-json\/wp\/v2\/media?parent=3177"}],"curies":[{"name":"wp","href":"https:\/\/api.w.org\/{rel}","templated":true}]}}