{"id":3366,"date":"2022-04-05T14:27:06","date_gmt":"2022-04-05T12:27:06","guid":{"rendered":"https:\/\/patricia-lasserre.com\/index.php\/membership-login\/membership-profile\/"},"modified":"2022-04-05T15:03:36","modified_gmt":"2022-04-05T13:03:36","slug":"membership-profile","status":"publish","type":"page","link":"https:\/\/patricia-lasserre.com\/index.php\/membership-login\/membership-profile\/","title":{"rendered":"Profil"},"content":{"rendered":"\t\t<div data-elementor-type=\"wp-page\" data-elementor-id=\"3366\" class=\"elementor elementor-3366\">\n\t\t\t\t\t\t<section class=\"elementor-section elementor-top-section elementor-element elementor-element-154340cb elementor-section-boxed elementor-section-height-default elementor-section-height-default\" data-id=\"154340cb\" data-element_type=\"section\">\n\t\t\t\t\t\t<div class=\"elementor-container elementor-column-gap-default\">\n\t\t\t\t\t<div class=\"elementor-column elementor-col-100 elementor-top-column elementor-element elementor-element-5ba9dc79\" data-id=\"5ba9dc79\" data-element_type=\"column\">\n\t\t\t<div class=\"elementor-widget-wrap elementor-element-populated\">\n\t\t\t\t\t\t<div class=\"elementor-element elementor-element-308ea335 elementor-widget elementor-widget-shortcode\" data-id=\"308ea335\" data-element_type=\"widget\" data-widget_type=\"shortcode.default\">\n\t\t\t\t<div class=\"elementor-widget-container\">\n\t\t\t\t\t\t\t<div class=\"elementor-shortcode\"><div class=\"swpm_profile_not_logged_in_msg\">Vous n\u2019\u00eates pas connect\u00e9.<\/div><\/div>\n\t\t\t\t\t\t<\/div>\n\t\t\t\t<\/div>\n\t\t\t\t\t<\/div>\n\t\t<\/div>\n\t\t\t\t\t<\/div>\n\t\t<\/section>\n\t\t\t\t<\/div>\n\t\t","protected":false},"excerpt":{"rendered":"","protected":false},"author":1,"featured_media":0,"parent":3177,"menu_order":0,"comment_status":"closed","ping_status":"closed","template":"","meta":{"om_disable_all_campaigns":false,"_monsterinsights_skip_tracking":false,"_monsterinsights_sitenote_active":false,"_monsterinsights_sitenote_note":"","_monsterinsights_sitenote_category":0,"_uf_show_specific_survey":0,"_uf_disable_surveys":false,"footnotes":""},"yoast_head":"<!-- This site is optimized with the Yoast SEO plugin v22.6 - https:\/\/yoast.com\/wordpress\/plugins\/seo\/ -->\n<title>Profil - PATRICIA LASSERRE | LES \u00c9DITIONS SP\u00c9CIALES<\/title>\n<meta name=\"robots\" content=\"index, follow, max-snippet:-1, max-image-preview:large, max-video-preview:-1\" \/>\n<link rel=\"canonical\" href=\"https:\/\/patricia-lasserre.com\/index.php\/membership-login\/membership-profile\/\" \/>\n<meta property=\"og:locale\" content=\"fr_FR\" \/>\n<meta property=\"og:type\" content=\"article\" \/>\n<meta property=\"og:title\" content=\"Profil - PATRICIA LASSERRE | LES \u00c9DITIONS SP\u00c9CIALES\" \/>\n<meta property=\"og:url\" content=\"https:\/\/patricia-lasserre.com\/index.php\/membership-login\/membership-profile\/\" \/>\n<meta property=\"og:site_name\" content=\"PATRICIA LASSERRE | LES \u00c9DITIONS SP\u00c9CIALES\" \/>\n<meta property=\"article:modified_time\" content=\"2022-04-05T13:03:36+00:00\" \/>\n<meta name=\"twitter:label1\" content=\"Dur\u00e9e de lecture estim\u00e9e\" \/>\n\t<meta name=\"twitter:data1\" content=\"1 minute\" \/>\n<script type=\"application\/ld+json\" class=\"yoast-schema-graph\">{\"@context\":\"https:\/\/schema.org\",\"@graph\":[{\"@type\":\"WebPage\",\"@id\":\"https:\/\/patricia-lasserre.com\/index.php\/membership-login\/membership-profile\/\",\"url\":\"https:\/\/patricia-lasserre.com\/index.php\/membership-login\/membership-profile\/\",\"name\":\"Profil - PATRICIA LASSERRE | LES \u00c9DITIONS SP\u00c9CIALES\",\"isPartOf\":{\"@id\":\"https:\/\/patricia-lasserre.com\/#website\"},\"datePublished\":\"2022-04-05T12:27:06+00:00\",\"dateModified\":\"2022-04-05T13:03:36+00:00\",\"breadcrumb\":{\"@id\":\"https:\/\/patricia-lasserre.com\/index.php\/membership-login\/membership-profile\/#breadcrumb\"},\"inLanguage\":\"fr-FR\",\"potentialAction\":[{\"@type\":\"ReadAction\",\"target\":[\"https:\/\/patricia-lasserre.com\/index.php\/membership-login\/membership-profile\/\"]}]},{\"@type\":\"BreadcrumbList\",\"@id\":\"https:\/\/patricia-lasserre.com\/index.php\/membership-login\/membership-profile\/#breadcrumb\",\"itemListElement\":[{\"@type\":\"ListItem\",\"position\":1,\"name\":\"Accueil\",\"item\":\"https:\/\/patricia-lasserre.com\/\"},{\"@type\":\"ListItem\",\"position\":2,\"name\":\"Identifiant du membre (login)\",\"item\":\"https:\/\/patricia-lasserre.com\/index.php\/membership-login\/\"},{\"@type\":\"ListItem\",\"position\":3,\"name\":\"Profil\"}]},{\"@type\":\"WebSite\",\"@id\":\"https:\/\/patricia-lasserre.com\/#website\",\"url\":\"https:\/\/patricia-lasserre.com\/\",\"name\":\"PATRICIA LASSERRE | LES \u00c9DITIONS SP\u00c9CIALES\",\"description\":\"N&#039;ayons pas peur des mots !\",\"publisher\":{\"@id\":\"https:\/\/patricia-lasserre.com\/#organization\"},\"potentialAction\":[{\"@type\":\"SearchAction\",\"target\":{\"@type\":\"EntryPoint\",\"urlTemplate\":\"https:\/\/patricia-lasserre.com\/?s={search_term_string}\"},\"query-input\":\"required name=search_term_string\"}],\"inLanguage\":\"fr-FR\"},{\"@type\":\"Organization\",\"@id\":\"https:\/\/patricia-lasserre.com\/#organization\",\"name\":\"PATRICIA LASSERRE | LES \u00c9DITIONS SP\u00c9CIALES\",\"url\":\"https:\/\/patricia-lasserre.com\/\",\"logo\":{\"@type\":\"ImageObject\",\"inLanguage\":\"fr-FR\",\"@id\":\"https:\/\/patricia-lasserre.com\/#\/schema\/logo\/image\/\",\"url\":\"https:\/\/patricia-lasserre.com\/wp-content\/uploads\/2023\/02\/pat.fun-minuscule.jpg\",\"contentUrl\":\"https:\/\/patricia-lasserre.com\/wp-content\/uploads\/2023\/02\/pat.fun-minuscule.jpg\",\"width\":80,\"height\":77,\"caption\":\"PATRICIA LASSERRE | LES \u00c9DITIONS SP\u00c9CIALES \"},\"image\":{\"@id\":\"https:\/\/patricia-lasserre.com\/#\/schema\/logo\/image\/\"}}]}<\/script>\n<!-- \/ Yoast SEO plugin. -->","yoast_head_json":{"title":"Profil - PATRICIA LASSERRE | LES \u00c9DITIONS SP\u00c9CIALES","robots":{"index":"index","follow":"follow","max-snippet":"max-snippet:-1","max-image-preview":"max-image-preview:large","max-video-preview":"max-video-preview:-1"},"canonical":"https:\/\/patricia-lasserre.com\/index.php\/membership-login\/membership-profile\/","og_locale":"fr_FR","og_type":"article","og_title":"Profil - PATRICIA LASSERRE | LES \u00c9DITIONS SP\u00c9CIALES","og_url":"https:\/\/patricia-lasserre.com\/index.php\/membership-login\/membership-profile\/","og_site_name":"PATRICIA LASSERRE | LES \u00c9DITIONS SP\u00c9CIALES","article_modified_time":"2022-04-05T13:03:36+00:00","twitter_misc":{"Dur\u00e9e de lecture estim\u00e9e":"1 minute"},"schema":{"@context":"https:\/\/schema.org","@graph":[{"@type":"WebPage","@id":"https:\/\/patricia-lasserre.com\/index.php\/membership-login\/membership-profile\/","url":"https:\/\/patricia-lasserre.com\/index.php\/membership-login\/membership-profile\/","name":"Profil - PATRICIA LASSERRE | LES \u00c9DITIONS SP\u00c9CIALES","isPartOf":{"@id":"https:\/\/patricia-lasserre.com\/#website"},"datePublished":"2022-04-05T12:27:06+00:00","dateModified":"2022-04-05T13:03:36+00:00","breadcrumb":{"@id":"https:\/\/patricia-lasserre.com\/index.php\/membership-login\/membership-profile\/#breadcrumb"},"inLanguage":"fr-FR","potentialAction":[{"@type":"ReadAction","target":["https:\/\/patricia-lasserre.com\/index.php\/membership-login\/membership-profile\/"]}]},{"@type":"BreadcrumbList","@id":"https:\/\/patricia-lasserre.com\/index.php\/membership-login\/membership-profile\/#breadcrumb","itemListElement":[{"@type":"ListItem","position":1,"name":"Accueil","item":"https:\/\/patricia-lasserre.com\/"},{"@type":"ListItem","position":2,"name":"Identifiant du membre (login)","item":"https:\/\/patricia-lasserre.com\/index.php\/membership-login\/"},{"@type":"ListItem","position":3,"name":"Profil"}]},{"@type":"WebSite","@id":"https:\/\/patricia-lasserre.com\/#website","url":"https:\/\/patricia-lasserre.com\/","name":"PATRICIA LASSERRE | LES \u00c9DITIONS SP\u00c9CIALES","description":"N&#039;ayons pas peur des mots !","publisher":{"@id":"https:\/\/patricia-lasserre.com\/#organization"},"potentialAction":[{"@type":"SearchAction","target":{"@type":"EntryPoint","urlTemplate":"https:\/\/patricia-lasserre.com\/?s={search_term_string}"},"query-input":"required name=search_term_string"}],"inLanguage":"fr-FR"},{"@type":"Organization","@id":"https:\/\/patricia-lasserre.com\/#organization","name":"PATRICIA LASSERRE | LES \u00c9DITIONS SP\u00c9CIALES","url":"https:\/\/patricia-lasserre.com\/","logo":{"@type":"ImageObject","inLanguage":"fr-FR","@id":"https:\/\/patricia-lasserre.com\/#\/schema\/logo\/image\/","url":"https:\/\/patricia-lasserre.com\/wp-content\/uploads\/2023\/02\/pat.fun-minuscule.jpg","contentUrl":"https:\/\/patricia-lasserre.com\/wp-content\/uploads\/2023\/02\/pat.fun-minuscule.jpg","width":80,"height":77,"caption":"PATRICIA LASSERRE | LES \u00c9DITIONS SP\u00c9CIALES "},"image":{"@id":"https:\/\/patricia-lasserre.com\/#\/schema\/logo\/image\/"}}]}},"_links":{"self":[{"href":"https:\/\/patricia-lasserre.com\/index.php\/wp-json\/wp\/v2\/pages\/3366"}],"collection":[{"href":"https:\/\/patricia-lasserre.com\/index.php\/wp-json\/wp\/v2\/pages"}],"about":[{"href":"https:\/\/patricia-lasserre.com\/index.php\/wp-json\/wp\/v2\/types\/page"}],"author":[{"embeddable":true,"href":"https:\/\/patricia-lasserre.com\/index.php\/wp-json\/wp\/v2\/users\/1"}],"replies":[{"embeddable":true,"href":"https:\/\/patricia-lasserre.com\/index.php\/wp-json\/wp\/v2\/comments?post=3366"}],"version-history":[{"count":3,"href":"https:\/\/patricia-lasserre.com\/index.php\/wp-json\/wp\/v2\/pages\/3366\/revisions"}],"predecessor-version":[{"id":3378,"href":"https:\/\/patricia-lasserre.com\/index.php\/wp-json\/wp\/v2\/pages\/3366\/revisions\/3378"}],"up":[{"embeddable":true,"href":"https:\/\/patricia-lasserre.com\/index.php\/wp-json\/wp\/v2\/pages\/3177"}],"wp:attachment":[{"href":"https:\/\/patricia-lasserre.com\/index.php\/wp-json\/wp\/v2\/media?parent=3366"}],"curies":[{"name":"wp","href":"https:\/\/api.w.org\/{rel}","templated":true}]}}