{"id":3367,"date":"2022-04-05T14:27:06","date_gmt":"2022-04-05T12:27:06","guid":{"rendered":"https:\/\/patricia-lasserre.com\/index.php\/membership-login\/password-reset-3\/"},"modified":"2022-04-05T14:27:06","modified_gmt":"2022-04-05T12:27:06","slug":"password-reset-3","status":"publish","type":"page","link":"https:\/\/patricia-lasserre.com\/index.php\/membership-login\/password-reset-3\/","title":{"rendered":"R\u00e9initialisation du mot de passe"},"content":{"rendered":"<div class=\"swpm-pw-reset-widget-form\">\n    <form id=\"swpm-pw-reset-form\" name=\"swpm-reset-form\" method=\"post\" action=\"\">\n        <div class=\"swpm-pw-reset-widget-inside\">\n            <div class=\"swpm-pw-reset-email swpm-margin-top-10\">\n                <label for=\"swpm_reset_email\" class=\"swpm_label swpm-pw-reset-email-label\">Adresse e-mail<\/label>\n            <\/div>\n            <div class=\"swpm-pw-reset-email-input swpm-margin-top-10\">\n                <input type=\"text\" name=\"swpm_reset_email\" class=\"swpm-text-field swpm-pw-reset-text\" id=\"swpm_reset_email\"  value=\"\" size=\"30\" \/>\n            <\/div>\n            <div class=\"swpm-before-login-submit-section\"><\/div>\n            <div class=\"swpm-pw-reset-submit-button\">\n                <input type=\"submit\" name=\"swpm-reset\" class=\"swpm-pw-reset-submit\" value=\"R\u00e9initialiser le mot de passe\" \/>\n            <\/div>\n        <\/div>\n    <\/form>\n<\/div>\n<div class=\"swpm_pass_reset_processing_msg_section\">\n    <p id=\"swpm_pass_reset_processing_msg\" hidden=\"hidden\">\n        Processing password reset request...    <\/p>\n<\/div>\n<script>\n  document.getElementById(\"swpm-pw-reset-form\").addEventListener(\"submit\", function() {\n  let p = document.getElementById('swpm_pass_reset_processing_msg');\n    p.removeAttribute(\"hidden\");\n  });\n<\/script>\n\n","protected":false},"excerpt":{"rendered":"","protected":false},"author":1,"featured_media":0,"parent":3177,"menu_order":0,"comment_status":"closed","ping_status":"closed","template":"","meta":{"om_disable_all_campaigns":false,"_monsterinsights_skip_tracking":false,"_monsterinsights_sitenote_active":false,"_monsterinsights_sitenote_note":"","_monsterinsights_sitenote_category":0,"_uf_show_specific_survey":0,"_uf_disable_surveys":false,"footnotes":""},"yoast_head":"<!-- This site is optimized with the Yoast SEO plugin v22.6 - https:\/\/yoast.com\/wordpress\/plugins\/seo\/ -->\n<title>R\u00e9initialisation du mot de passe - PATRICIA LASSERRE | LES \u00c9DITIONS SP\u00c9CIALES<\/title>\n<meta name=\"robots\" content=\"index, follow, max-snippet:-1, max-image-preview:large, max-video-preview:-1\" \/>\n<link rel=\"canonical\" href=\"https:\/\/patricia-lasserre.com\/index.php\/membership-login\/password-reset-3\/\" \/>\n<meta property=\"og:locale\" content=\"fr_FR\" \/>\n<meta property=\"og:type\" content=\"article\" \/>\n<meta property=\"og:title\" content=\"R\u00e9initialisation du mot de passe - PATRICIA LASSERRE | LES \u00c9DITIONS SP\u00c9CIALES\" \/>\n<meta property=\"og:url\" content=\"https:\/\/patricia-lasserre.com\/index.php\/membership-login\/password-reset-3\/\" \/>\n<meta property=\"og:site_name\" content=\"PATRICIA LASSERRE | LES \u00c9DITIONS SP\u00c9CIALES\" \/>\n<script type=\"application\/ld+json\" class=\"yoast-schema-graph\">{\"@context\":\"https:\/\/schema.org\",\"@graph\":[{\"@type\":\"WebPage\",\"@id\":\"https:\/\/patricia-lasserre.com\/index.php\/membership-login\/password-reset-3\/\",\"url\":\"https:\/\/patricia-lasserre.com\/index.php\/membership-login\/password-reset-3\/\",\"name\":\"R\u00e9initialisation du mot de passe - PATRICIA LASSERRE | LES \u00c9DITIONS SP\u00c9CIALES\",\"isPartOf\":{\"@id\":\"https:\/\/patricia-lasserre.com\/#website\"},\"datePublished\":\"2022-04-05T12:27:06+00:00\",\"dateModified\":\"2022-04-05T12:27:06+00:00\",\"breadcrumb\":{\"@id\":\"https:\/\/patricia-lasserre.com\/index.php\/membership-login\/password-reset-3\/#breadcrumb\"},\"inLanguage\":\"fr-FR\",\"potentialAction\":[{\"@type\":\"ReadAction\",\"target\":[\"https:\/\/patricia-lasserre.com\/index.php\/membership-login\/password-reset-3\/\"]}]},{\"@type\":\"BreadcrumbList\",\"@id\":\"https:\/\/patricia-lasserre.com\/index.php\/membership-login\/password-reset-3\/#breadcrumb\",\"itemListElement\":[{\"@type\":\"ListItem\",\"position\":1,\"name\":\"Accueil\",\"item\":\"https:\/\/patricia-lasserre.com\/\"},{\"@type\":\"ListItem\",\"position\":2,\"name\":\"Identifiant du membre (login)\",\"item\":\"https:\/\/patricia-lasserre.com\/index.php\/membership-login\/\"},{\"@type\":\"ListItem\",\"position\":3,\"name\":\"R\u00e9initialisation du mot de passe\"}]},{\"@type\":\"WebSite\",\"@id\":\"https:\/\/patricia-lasserre.com\/#website\",\"url\":\"https:\/\/patricia-lasserre.com\/\",\"name\":\"PATRICIA LASSERRE | LES \u00c9DITIONS SP\u00c9CIALES\",\"description\":\"N&#039;ayons pas peur des mots !\",\"publisher\":{\"@id\":\"https:\/\/patricia-lasserre.com\/#organization\"},\"potentialAction\":[{\"@type\":\"SearchAction\",\"target\":{\"@type\":\"EntryPoint\",\"urlTemplate\":\"https:\/\/patricia-lasserre.com\/?s={search_term_string}\"},\"query-input\":\"required name=search_term_string\"}],\"inLanguage\":\"fr-FR\"},{\"@type\":\"Organization\",\"@id\":\"https:\/\/patricia-lasserre.com\/#organization\",\"name\":\"PATRICIA LASSERRE | LES \u00c9DITIONS SP\u00c9CIALES\",\"url\":\"https:\/\/patricia-lasserre.com\/\",\"logo\":{\"@type\":\"ImageObject\",\"inLanguage\":\"fr-FR\",\"@id\":\"https:\/\/patricia-lasserre.com\/#\/schema\/logo\/image\/\",\"url\":\"https:\/\/patricia-lasserre.com\/wp-content\/uploads\/2023\/02\/pat.fun-minuscule.jpg\",\"contentUrl\":\"https:\/\/patricia-lasserre.com\/wp-content\/uploads\/2023\/02\/pat.fun-minuscule.jpg\",\"width\":80,\"height\":77,\"caption\":\"PATRICIA LASSERRE | LES \u00c9DITIONS SP\u00c9CIALES \"},\"image\":{\"@id\":\"https:\/\/patricia-lasserre.com\/#\/schema\/logo\/image\/\"}}]}<\/script>\n<!-- \/ Yoast SEO plugin. -->","yoast_head_json":{"title":"R\u00e9initialisation du mot de passe - PATRICIA LASSERRE | LES \u00c9DITIONS SP\u00c9CIALES","robots":{"index":"index","follow":"follow","max-snippet":"max-snippet:-1","max-image-preview":"max-image-preview:large","max-video-preview":"max-video-preview:-1"},"canonical":"https:\/\/patricia-lasserre.com\/index.php\/membership-login\/password-reset-3\/","og_locale":"fr_FR","og_type":"article","og_title":"R\u00e9initialisation du mot de passe - PATRICIA LASSERRE | LES \u00c9DITIONS SP\u00c9CIALES","og_url":"https:\/\/patricia-lasserre.com\/index.php\/membership-login\/password-reset-3\/","og_site_name":"PATRICIA LASSERRE | LES \u00c9DITIONS SP\u00c9CIALES","schema":{"@context":"https:\/\/schema.org","@graph":[{"@type":"WebPage","@id":"https:\/\/patricia-lasserre.com\/index.php\/membership-login\/password-reset-3\/","url":"https:\/\/patricia-lasserre.com\/index.php\/membership-login\/password-reset-3\/","name":"R\u00e9initialisation du mot de passe - PATRICIA LASSERRE | LES \u00c9DITIONS SP\u00c9CIALES","isPartOf":{"@id":"https:\/\/patricia-lasserre.com\/#website"},"datePublished":"2022-04-05T12:27:06+00:00","dateModified":"2022-04-05T12:27:06+00:00","breadcrumb":{"@id":"https:\/\/patricia-lasserre.com\/index.php\/membership-login\/password-reset-3\/#breadcrumb"},"inLanguage":"fr-FR","potentialAction":[{"@type":"ReadAction","target":["https:\/\/patricia-lasserre.com\/index.php\/membership-login\/password-reset-3\/"]}]},{"@type":"BreadcrumbList","@id":"https:\/\/patricia-lasserre.com\/index.php\/membership-login\/password-reset-3\/#breadcrumb","itemListElement":[{"@type":"ListItem","position":1,"name":"Accueil","item":"https:\/\/patricia-lasserre.com\/"},{"@type":"ListItem","position":2,"name":"Identifiant du membre (login)","item":"https:\/\/patricia-lasserre.com\/index.php\/membership-login\/"},{"@type":"ListItem","position":3,"name":"R\u00e9initialisation du mot de passe"}]},{"@type":"WebSite","@id":"https:\/\/patricia-lasserre.com\/#website","url":"https:\/\/patricia-lasserre.com\/","name":"PATRICIA LASSERRE | LES \u00c9DITIONS SP\u00c9CIALES","description":"N&#039;ayons pas peur des mots !","publisher":{"@id":"https:\/\/patricia-lasserre.com\/#organization"},"potentialAction":[{"@type":"SearchAction","target":{"@type":"EntryPoint","urlTemplate":"https:\/\/patricia-lasserre.com\/?s={search_term_string}"},"query-input":"required name=search_term_string"}],"inLanguage":"fr-FR"},{"@type":"Organization","@id":"https:\/\/patricia-lasserre.com\/#organization","name":"PATRICIA LASSERRE | LES \u00c9DITIONS SP\u00c9CIALES","url":"https:\/\/patricia-lasserre.com\/","logo":{"@type":"ImageObject","inLanguage":"fr-FR","@id":"https:\/\/patricia-lasserre.com\/#\/schema\/logo\/image\/","url":"https:\/\/patricia-lasserre.com\/wp-content\/uploads\/2023\/02\/pat.fun-minuscule.jpg","contentUrl":"https:\/\/patricia-lasserre.com\/wp-content\/uploads\/2023\/02\/pat.fun-minuscule.jpg","width":80,"height":77,"caption":"PATRICIA LASSERRE | LES \u00c9DITIONS SP\u00c9CIALES "},"image":{"@id":"https:\/\/patricia-lasserre.com\/#\/schema\/logo\/image\/"}}]}},"_links":{"self":[{"href":"https:\/\/patricia-lasserre.com\/index.php\/wp-json\/wp\/v2\/pages\/3367"}],"collection":[{"href":"https:\/\/patricia-lasserre.com\/index.php\/wp-json\/wp\/v2\/pages"}],"about":[{"href":"https:\/\/patricia-lasserre.com\/index.php\/wp-json\/wp\/v2\/types\/page"}],"author":[{"embeddable":true,"href":"https:\/\/patricia-lasserre.com\/index.php\/wp-json\/wp\/v2\/users\/1"}],"replies":[{"embeddable":true,"href":"https:\/\/patricia-lasserre.com\/index.php\/wp-json\/wp\/v2\/comments?post=3367"}],"version-history":[{"count":0,"href":"https:\/\/patricia-lasserre.com\/index.php\/wp-json\/wp\/v2\/pages\/3367\/revisions"}],"up":[{"embeddable":true,"href":"https:\/\/patricia-lasserre.com\/index.php\/wp-json\/wp\/v2\/pages\/3177"}],"wp:attachment":[{"href":"https:\/\/patricia-lasserre.com\/index.php\/wp-json\/wp\/v2\/media?parent=3367"}],"curies":[{"name":"wp","href":"https:\/\/api.w.org\/{rel}","templated":true}]}}