{"id":751,"date":"2020-03-07T17:50:43","date_gmt":"2020-03-07T16:50:43","guid":{"rendered":"https:\/\/patricia-lasserre.com\/?page_id=751"},"modified":"2020-03-23T16:29:03","modified_gmt":"2020-03-23T15:29:03","slug":"billets-dhumeur-patricia-lasserre","status":"publish","type":"page","link":"https:\/\/patricia-lasserre.com\/index.php\/billets-dhumeur-patricia-lasserre\/","title":{"rendered":"Billets"},"content":{"rendered":"\t\t<div data-elementor-type=\"wp-page\" data-elementor-id=\"751\" class=\"elementor elementor-751\">\n\t\t\t\t\t\t<section class=\"elementor-section elementor-top-section elementor-element elementor-element-25ad165 elementor-section-boxed elementor-section-height-default elementor-section-height-default\" data-id=\"25ad165\" data-element_type=\"section\">\n\t\t\t\t\t\t<div class=\"elementor-container elementor-column-gap-default\">\n\t\t\t\t\t<div class=\"elementor-column elementor-col-100 elementor-top-column elementor-element elementor-element-067cf60\" data-id=\"067cf60\" data-element_type=\"column\">\n\t\t\t<div class=\"elementor-widget-wrap elementor-element-populated\">\n\t\t\t\t\t\t<div class=\"elementor-element elementor-element-3486a02 elementor-widget elementor-widget-heading\" data-id=\"3486a02\" data-element_type=\"widget\" data-widget_type=\"heading.default\">\n\t\t\t\t<div class=\"elementor-widget-container\">\n\t\t\t\t\t<h2 class=\"elementor-heading-title elementor-size-default\">Billets d'humeur de Patricia Lasserre<\/h2>\t\t\t\t<\/div>\n\t\t\t\t<\/div>\n\t\t\t\t\t<\/div>\n\t\t<\/div>\n\t\t\t\t\t<\/div>\n\t\t<\/section>\n\t\t\t\t<section class=\"elementor-section elementor-top-section elementor-element elementor-element-ea1cd42 elementor-section-boxed elementor-section-height-default elementor-section-height-default\" data-id=\"ea1cd42\" data-element_type=\"section\">\n\t\t\t\t\t\t<div class=\"elementor-container elementor-column-gap-default\">\n\t\t\t\t\t<div class=\"elementor-column elementor-col-100 elementor-top-column elementor-element elementor-element-4da878b\" data-id=\"4da878b\" data-element_type=\"column\">\n\t\t\t<div class=\"elementor-widget-wrap elementor-element-populated\">\n\t\t\t\t\t\t<div class=\"elementor-element elementor-element-2135af0 elementor-widget elementor-widget-text-editor\" data-id=\"2135af0\" data-element_type=\"widget\" data-widget_type=\"text-editor.default\">\n\t\t\t\t<div class=\"elementor-widget-container\">\n\t\t\t\t\t\t\t\t\t<p>Pour la libert\u00e9 d&rsquo;expression et suite \u00e0 de nombreuses censures dues \u00e0 l&rsquo;ignorance, \u00e0 l&rsquo;obscurantisme, au mercantilisme et parfois au sexisme de certains m\u00e9dias et \u00e9diteurs, Patricia Lasserre a d\u00e9cid\u00e9 de publier non seulement ses ouvrages mais \u00e9galement ses billets d&rsquo;humeur. Comme son nom l&rsquo;indique le billet d&rsquo;humeur a pour fonction de d\u00e9noncer les aberrations et les nombreux paradoxes inh\u00e9rents \u00e0 notre soci\u00e9t\u00e9.<\/p>\t\t\t\t\t\t\t\t<\/div>\n\t\t\t\t<\/div>\n\t\t\t\t\t<\/div>\n\t\t<\/div>\n\t\t\t\t\t<\/div>\n\t\t<\/section>\n\t\t\t\t<\/div>\n\t\t","protected":false},"excerpt":{"rendered":"<p>Billets d&rsquo;humeur de Patricia Lasserre Pour la libert\u00e9 d&rsquo;expression et suite \u00e0 de nombreuses censures dues \u00e0 l&rsquo;ignorance, \u00e0 l&rsquo;obscurantisme, au mercantilisme et parfois au sexisme de certains m\u00e9dias et \u00e9diteurs, Patricia Lasserre a d\u00e9cid\u00e9 de publier non seulement ses ouvrages mais \u00e9galement ses billets &hellip; <\/p>\n","protected":false},"author":1,"featured_media":759,"parent":0,"menu_order":0,"comment_status":"closed","ping_status":"closed","template":"","meta":{"om_disable_all_campaigns":false,"_monsterinsights_skip_tracking":false,"_monsterinsights_sitenote_active":false,"_monsterinsights_sitenote_note":"","_monsterinsights_sitenote_category":0,"_uf_show_specific_survey":0,"_uf_disable_surveys":false,"footnotes":""},"yoast_head":"<!-- This site is optimized with the Yoast SEO plugin v22.6 - https:\/\/yoast.com\/wordpress\/plugins\/seo\/ -->\n<title>Billets - PATRICIA LASSERRE | LES \u00c9DITIONS SP\u00c9CIALES<\/title>\n<meta name=\"description\" content=\"tous les billets d&#039;humeur et articles de patricia lasserre docteure en philosophie sur l&#039;actualit\u00e9 et autres faits de soci\u00e9t\u00e9, libert\u00e9 d&#039;expression\" \/>\n<meta name=\"robots\" content=\"index, follow, max-snippet:-1, max-image-preview:large, max-video-preview:-1\" \/>\n<link rel=\"canonical\" href=\"https:\/\/patricia-lasserre.com\/index.php\/billets-dhumeur-patricia-lasserre\/\" \/>\n<meta property=\"og:locale\" content=\"fr_FR\" \/>\n<meta property=\"og:type\" content=\"article\" \/>\n<meta property=\"og:title\" content=\"Billets - PATRICIA LASSERRE | LES \u00c9DITIONS SP\u00c9CIALES\" \/>\n<meta property=\"og:description\" content=\"tous les billets d&#039;humeur et articles de patricia lasserre docteure en philosophie sur l&#039;actualit\u00e9 et autres faits de soci\u00e9t\u00e9, libert\u00e9 d&#039;expression\" \/>\n<meta property=\"og:url\" content=\"https:\/\/patricia-lasserre.com\/index.php\/billets-dhumeur-patricia-lasserre\/\" \/>\n<meta property=\"og:site_name\" content=\"PATRICIA LASSERRE | LES \u00c9DITIONS SP\u00c9CIALES\" \/>\n<meta property=\"article:modified_time\" content=\"2020-03-23T15:29:03+00:00\" \/>\n<meta property=\"og:image\" content=\"https:\/\/patricia-lasserre.com\/wp-content\/uploads\/2020\/03\/combat-1300596_640.png\" \/>\n\t<meta property=\"og:image:width\" content=\"640\" \/>\n\t<meta property=\"og:image:height\" content=\"561\" \/>\n\t<meta property=\"og:image:type\" content=\"image\/png\" \/>\n<script type=\"application\/ld+json\" class=\"yoast-schema-graph\">{\"@context\":\"https:\/\/schema.org\",\"@graph\":[{\"@type\":\"WebPage\",\"@id\":\"https:\/\/patricia-lasserre.com\/index.php\/billets-dhumeur-patricia-lasserre\/\",\"url\":\"https:\/\/patricia-lasserre.com\/index.php\/billets-dhumeur-patricia-lasserre\/\",\"name\":\"Billets - PATRICIA LASSERRE | LES \u00c9DITIONS SP\u00c9CIALES\",\"isPartOf\":{\"@id\":\"https:\/\/patricia-lasserre.com\/#website\"},\"primaryImageOfPage\":{\"@id\":\"https:\/\/patricia-lasserre.com\/index.php\/billets-dhumeur-patricia-lasserre\/#primaryimage\"},\"image\":{\"@id\":\"https:\/\/patricia-lasserre.com\/index.php\/billets-dhumeur-patricia-lasserre\/#primaryimage\"},\"thumbnailUrl\":\"https:\/\/patricia-lasserre.com\/wp-content\/uploads\/2020\/03\/combat-1300596_640.png\",\"datePublished\":\"2020-03-07T16:50:43+00:00\",\"dateModified\":\"2020-03-23T15:29:03+00:00\",\"description\":\"tous les billets d'humeur et articles de patricia lasserre docteure en philosophie sur l'actualit\u00e9 et autres faits de soci\u00e9t\u00e9, libert\u00e9 d'expression\",\"breadcrumb\":{\"@id\":\"https:\/\/patricia-lasserre.com\/index.php\/billets-dhumeur-patricia-lasserre\/#breadcrumb\"},\"inLanguage\":\"fr-FR\",\"potentialAction\":[{\"@type\":\"ReadAction\",\"target\":[\"https:\/\/patricia-lasserre.com\/index.php\/billets-dhumeur-patricia-lasserre\/\"]}]},{\"@type\":\"ImageObject\",\"inLanguage\":\"fr-FR\",\"@id\":\"https:\/\/patricia-lasserre.com\/index.php\/billets-dhumeur-patricia-lasserre\/#primaryimage\",\"url\":\"https:\/\/patricia-lasserre.com\/wp-content\/uploads\/2020\/03\/combat-1300596_640.png\",\"contentUrl\":\"https:\/\/patricia-lasserre.com\/wp-content\/uploads\/2020\/03\/combat-1300596_640.png\",\"width\":640,\"height\":561,\"caption\":\"articles de patricia lasserre billets d'humeur\"},{\"@type\":\"BreadcrumbList\",\"@id\":\"https:\/\/patricia-lasserre.com\/index.php\/billets-dhumeur-patricia-lasserre\/#breadcrumb\",\"itemListElement\":[{\"@type\":\"ListItem\",\"position\":1,\"name\":\"Accueil\",\"item\":\"https:\/\/patricia-lasserre.com\/\"},{\"@type\":\"ListItem\",\"position\":2,\"name\":\"Billets\"}]},{\"@type\":\"WebSite\",\"@id\":\"https:\/\/patricia-lasserre.com\/#website\",\"url\":\"https:\/\/patricia-lasserre.com\/\",\"name\":\"PATRICIA LASSERRE | LES \u00c9DITIONS SP\u00c9CIALES\",\"description\":\"N&#039;ayons pas peur des mots !\",\"publisher\":{\"@id\":\"https:\/\/patricia-lasserre.com\/#organization\"},\"potentialAction\":[{\"@type\":\"SearchAction\",\"target\":{\"@type\":\"EntryPoint\",\"urlTemplate\":\"https:\/\/patricia-lasserre.com\/?s={search_term_string}\"},\"query-input\":\"required name=search_term_string\"}],\"inLanguage\":\"fr-FR\"},{\"@type\":\"Organization\",\"@id\":\"https:\/\/patricia-lasserre.com\/#organization\",\"name\":\"PATRICIA LASSERRE | LES \u00c9DITIONS SP\u00c9CIALES\",\"url\":\"https:\/\/patricia-lasserre.com\/\",\"logo\":{\"@type\":\"ImageObject\",\"inLanguage\":\"fr-FR\",\"@id\":\"https:\/\/patricia-lasserre.com\/#\/schema\/logo\/image\/\",\"url\":\"https:\/\/patricia-lasserre.com\/wp-content\/uploads\/2023\/02\/pat.fun-minuscule.jpg\",\"contentUrl\":\"https:\/\/patricia-lasserre.com\/wp-content\/uploads\/2023\/02\/pat.fun-minuscule.jpg\",\"width\":80,\"height\":77,\"caption\":\"PATRICIA LASSERRE | LES \u00c9DITIONS SP\u00c9CIALES \"},\"image\":{\"@id\":\"https:\/\/patricia-lasserre.com\/#\/schema\/logo\/image\/\"}}]}<\/script>\n<!-- \/ Yoast SEO plugin. -->","yoast_head_json":{"title":"Billets - PATRICIA LASSERRE | LES \u00c9DITIONS SP\u00c9CIALES","description":"tous les billets d'humeur et articles de patricia lasserre docteure en philosophie sur l'actualit\u00e9 et autres faits de soci\u00e9t\u00e9, libert\u00e9 d'expression","robots":{"index":"index","follow":"follow","max-snippet":"max-snippet:-1","max-image-preview":"max-image-preview:large","max-video-preview":"max-video-preview:-1"},"canonical":"https:\/\/patricia-lasserre.com\/index.php\/billets-dhumeur-patricia-lasserre\/","og_locale":"fr_FR","og_type":"article","og_title":"Billets - PATRICIA LASSERRE | LES \u00c9DITIONS SP\u00c9CIALES","og_description":"tous les billets d'humeur et articles de patricia lasserre docteure en philosophie sur l'actualit\u00e9 et autres faits de soci\u00e9t\u00e9, libert\u00e9 d'expression","og_url":"https:\/\/patricia-lasserre.com\/index.php\/billets-dhumeur-patricia-lasserre\/","og_site_name":"PATRICIA LASSERRE | LES \u00c9DITIONS SP\u00c9CIALES","article_modified_time":"2020-03-23T15:29:03+00:00","og_image":[{"width":640,"height":561,"url":"https:\/\/patricia-lasserre.com\/wp-content\/uploads\/2020\/03\/combat-1300596_640.png","type":"image\/png"}],"schema":{"@context":"https:\/\/schema.org","@graph":[{"@type":"WebPage","@id":"https:\/\/patricia-lasserre.com\/index.php\/billets-dhumeur-patricia-lasserre\/","url":"https:\/\/patricia-lasserre.com\/index.php\/billets-dhumeur-patricia-lasserre\/","name":"Billets - PATRICIA LASSERRE | LES \u00c9DITIONS SP\u00c9CIALES","isPartOf":{"@id":"https:\/\/patricia-lasserre.com\/#website"},"primaryImageOfPage":{"@id":"https:\/\/patricia-lasserre.com\/index.php\/billets-dhumeur-patricia-lasserre\/#primaryimage"},"image":{"@id":"https:\/\/patricia-lasserre.com\/index.php\/billets-dhumeur-patricia-lasserre\/#primaryimage"},"thumbnailUrl":"https:\/\/patricia-lasserre.com\/wp-content\/uploads\/2020\/03\/combat-1300596_640.png","datePublished":"2020-03-07T16:50:43+00:00","dateModified":"2020-03-23T15:29:03+00:00","description":"tous les billets d'humeur et articles de patricia lasserre docteure en philosophie sur l'actualit\u00e9 et autres faits de soci\u00e9t\u00e9, libert\u00e9 d'expression","breadcrumb":{"@id":"https:\/\/patricia-lasserre.com\/index.php\/billets-dhumeur-patricia-lasserre\/#breadcrumb"},"inLanguage":"fr-FR","potentialAction":[{"@type":"ReadAction","target":["https:\/\/patricia-lasserre.com\/index.php\/billets-dhumeur-patricia-lasserre\/"]}]},{"@type":"ImageObject","inLanguage":"fr-FR","@id":"https:\/\/patricia-lasserre.com\/index.php\/billets-dhumeur-patricia-lasserre\/#primaryimage","url":"https:\/\/patricia-lasserre.com\/wp-content\/uploads\/2020\/03\/combat-1300596_640.png","contentUrl":"https:\/\/patricia-lasserre.com\/wp-content\/uploads\/2020\/03\/combat-1300596_640.png","width":640,"height":561,"caption":"articles de patricia lasserre billets d'humeur"},{"@type":"BreadcrumbList","@id":"https:\/\/patricia-lasserre.com\/index.php\/billets-dhumeur-patricia-lasserre\/#breadcrumb","itemListElement":[{"@type":"ListItem","position":1,"name":"Accueil","item":"https:\/\/patricia-lasserre.com\/"},{"@type":"ListItem","position":2,"name":"Billets"}]},{"@type":"WebSite","@id":"https:\/\/patricia-lasserre.com\/#website","url":"https:\/\/patricia-lasserre.com\/","name":"PATRICIA LASSERRE | LES \u00c9DITIONS SP\u00c9CIALES","description":"N&#039;ayons pas peur des mots !","publisher":{"@id":"https:\/\/patricia-lasserre.com\/#organization"},"potentialAction":[{"@type":"SearchAction","target":{"@type":"EntryPoint","urlTemplate":"https:\/\/patricia-lasserre.com\/?s={search_term_string}"},"query-input":"required name=search_term_string"}],"inLanguage":"fr-FR"},{"@type":"Organization","@id":"https:\/\/patricia-lasserre.com\/#organization","name":"PATRICIA LASSERRE | LES \u00c9DITIONS SP\u00c9CIALES","url":"https:\/\/patricia-lasserre.com\/","logo":{"@type":"ImageObject","inLanguage":"fr-FR","@id":"https:\/\/patricia-lasserre.com\/#\/schema\/logo\/image\/","url":"https:\/\/patricia-lasserre.com\/wp-content\/uploads\/2023\/02\/pat.fun-minuscule.jpg","contentUrl":"https:\/\/patricia-lasserre.com\/wp-content\/uploads\/2023\/02\/pat.fun-minuscule.jpg","width":80,"height":77,"caption":"PATRICIA LASSERRE | LES \u00c9DITIONS SP\u00c9CIALES "},"image":{"@id":"https:\/\/patricia-lasserre.com\/#\/schema\/logo\/image\/"}}]}},"_links":{"self":[{"href":"https:\/\/patricia-lasserre.com\/index.php\/wp-json\/wp\/v2\/pages\/751"}],"collection":[{"href":"https:\/\/patricia-lasserre.com\/index.php\/wp-json\/wp\/v2\/pages"}],"about":[{"href":"https:\/\/patricia-lasserre.com\/index.php\/wp-json\/wp\/v2\/types\/page"}],"author":[{"embeddable":true,"href":"https:\/\/patricia-lasserre.com\/index.php\/wp-json\/wp\/v2\/users\/1"}],"replies":[{"embeddable":true,"href":"https:\/\/patricia-lasserre.com\/index.php\/wp-json\/wp\/v2\/comments?post=751"}],"version-history":[{"count":13,"href":"https:\/\/patricia-lasserre.com\/index.php\/wp-json\/wp\/v2\/pages\/751\/revisions"}],"predecessor-version":[{"id":882,"href":"https:\/\/patricia-lasserre.com\/index.php\/wp-json\/wp\/v2\/pages\/751\/revisions\/882"}],"wp:featuredmedia":[{"embeddable":true,"href":"https:\/\/patricia-lasserre.com\/index.php\/wp-json\/wp\/v2\/media\/759"}],"wp:attachment":[{"href":"https:\/\/patricia-lasserre.com\/index.php\/wp-json\/wp\/v2\/media?parent=751"}],"curies":[{"name":"wp","href":"https:\/\/api.w.org\/{rel}","templated":true}]}}